{"id":304,"date":"2020-01-29T07:39:57","date_gmt":"2020-01-29T07:39:57","guid":{"rendered":"https:\/\/cajadeacuarelas.com\/?page_id=304"},"modified":"2020-02-12T14:56:18","modified_gmt":"2020-02-12T14:56:18","slug":"contacto","status":"publish","type":"page","link":"https:\/\/cajadeacuarelas.com\/?page_id=304","title":{"rendered":"Contacto"},"content":{"rendered":"<p>[et_pb_section fb_built=\u00bb1&#8243; fullwidth=\u00bbon\u00bb custom_padding_last_edited=\u00bbon|tablet\u00bb _builder_version=\u00bb4.2.2&#8243; custom_padding=\u00bb54px||||false|false\u00bb custom_padding_tablet=\u00bb0px||||false|false\u00bb custom_padding_phone=\u00bb\u00bb][et_pb_fullwidth_image src=\u00bbhttps:\/\/cajadeacuarelas.com\/wp-content\/uploads\/2020\/01\/raquel-flores-mindfulness-activo-11.jpg\u00bb alt=\u00bbRaquel Flores &#8211; Mindfullnes Activo\u00bb module_class=\u00bbRaquel Flores Mindfulness Activo\u00bb _builder_version=\u00bb4.3.2&#8243;][\/et_pb_fullwidth_image][\/et_pb_section][et_pb_section fb_built=\u00bb1&#8243; _builder_version=\u00bb4.2.2&#8243;][et_pb_row _builder_version=\u00bb4.2.2&#8243;][et_pb_column type=\u00bb4_4&#8243; _builder_version=\u00bb4.2.2&#8243;][et_pb_text _builder_version=\u00bb4.2.2&#8243; header_text_align=\u00bbcenter\u00bb header_text_color=\u00bb#f5ae94&#8243; header_letter_spacing=\u00bb5px\u00bb]<\/p>\n<h1>\u00bfEmpezamos aqu\u00ed y ahora?<\/h1>\n<p>[\/et_pb_text][et_pb_text _builder_version=\u00bb4.3.2&#8243; text_letter_spacing=\u00bb0.5px\u00bb link_text_align=\u00bbcenter\u00bb link_text_color=\u00bb#f5ae94&#8243; header_text_align=\u00bbcenter\u00bb text_orientation=\u00bbcenter\u00bb max_width=\u00bb64%\u00bb max_width_tablet=\u00bb90%\u00bb max_width_phone=\u00bb100%\u00bb max_width_last_edited=\u00bbon|phone\u00bb module_alignment=\u00bbcenter\u00bb hover_enabled=\u00bb0&#8243;]<\/p>\n<p>Si te has quedado con alguna duda o no sabes por d\u00f3nde empezar, puedes escribirme a <a href=\"mailto:hola@cajadeacuarelas.com\">hola@cajadeacuarelas.com\u00a0<\/a>o dejarme tu mensaje a continuaci\u00f3n. Estar\u00e9 encantada de leerte. Suelo responder antes de 48 horas.<\/p>\n<p>[\/et_pb_text][et_pb_code _builder_version=\u00bb4.2.2&#8243;]\n<div class=\"wpcf7 no-js\" id=\"wpcf7-f303-o1\" lang=\"es-ES\" dir=\"ltr\" data-wpcf7-id=\"303\">\n<div class=\"screen-reader-response\"><p role=\"status\" aria-live=\"polite\" aria-atomic=\"true\"><\/p> <ul><\/ul><\/div>\n<form action=\"\/index.php?rest_route=%2Fwp%2Fv2%2Fpages%2F304#wpcf7-f303-o1\" method=\"post\" class=\"wpcf7-form init\" aria-label=\"Formulario de contacto\" novalidate=\"novalidate\" data-status=\"init\">\n<fieldset class=\"hidden-fields-container\"><input type=\"hidden\" name=\"_wpcf7\" value=\"303\" \/><input type=\"hidden\" name=\"_wpcf7_version\" value=\"6.1.5\" \/><input type=\"hidden\" name=\"_wpcf7_locale\" value=\"es_ES\" \/><input type=\"hidden\" name=\"_wpcf7_unit_tag\" value=\"wpcf7-f303-o1\" \/><input type=\"hidden\" name=\"_wpcf7_container_post\" value=\"0\" \/><input type=\"hidden\" name=\"_wpcf7_posted_data_hash\" value=\"\" \/><input type=\"hidden\" name=\"_wpcf7_recaptcha_response\" value=\"\" \/>\n<\/fieldset>\n<div class=\"et_pb_row\">\n\t<div class=\"et_pb_column et_pb_column_4_4 et-last-child\">\n\t\t<p><label>Nombre<br \/>\n<span class=\"wpcf7-form-control-wrap\" data-name=\"your-name\"><input size=\"40\" maxlength=\"400\" class=\"wpcf7-form-control wpcf7-text wpcf7-validates-as-required\" aria-required=\"true\" aria-invalid=\"false\" value=\"\" type=\"text\" name=\"your-name\" \/><\/span><\/label>\n\t\t<\/p>\n\t<\/div>\n\t<div class=\"et_pb_column et_pb_column_4_4 et-last-child\">\n\t\t<p><label>E-mail<br \/>\n<span class=\"wpcf7-form-control-wrap\" data-name=\"your-email\"><input size=\"40\" maxlength=\"400\" class=\"wpcf7-form-control wpcf7-email wpcf7-validates-as-required wpcf7-text wpcf7-validates-as-email\" aria-required=\"true\" aria-invalid=\"false\" value=\"\" type=\"email\" name=\"your-email\" \/><\/span><\/label>\n\t\t<\/p>\n\t<\/div>\n\t<div class=\"et_pb_column et_pb_column_4_4 et-last-child\">\n\t\t<p><label>Mensaje<br \/>\n<span class=\"wpcf7-form-control-wrap\" data-name=\"your-message\"><textarea cols=\"40\" rows=\"10\" maxlength=\"2000\" class=\"wpcf7-form-control wpcf7-textarea\" aria-invalid=\"false\" name=\"your-message\"><\/textarea><\/span><\/label>\n\t\t<\/p>\n\t<\/div>\n\t<div class=\"et_pb_column et_pb_column_4_4 et-last-child\">\n\t\t<p><span class=\"wpcf7-form-control-wrap\" data-name=\"protecciondatos\"><span class=\"wpcf7-form-control wpcf7-acceptance\"><span class=\"wpcf7-list-item\"><label><input type=\"checkbox\" name=\"protecciondatos\" value=\"1\" aria-invalid=\"false\" \/><span class=\"wpcf7-list-item-label\">He le\u00eddo y acepto la <a href=\"https:\/\/nanucdesign.com\/politica-proteccion-datos\/\" target=\"_blank\">pol\u00edtica de privacidad<\/a><\/span><\/label><\/span><\/span><\/span>\n\t\t<\/p>\n\t\t<p style=\"color:#575756;font-size:12px;line-height:1.3em; margin-top: -17px; margin-bottom: 20px;\">Raquel \u00c1lvarez Flores es la Responsable del tratamiento de los datos personales del Usuario y le informa que estos datos ser\u00e1n tratados de conformidad con lo dispuesto en las normativas vigentes en protecci\u00f3n de datos personales, el Reglamento (UE) 2016\/679 de 27 de abril de 2016 (GDPR) y la Ley Org\u00e1nica (ES) 15\/1999 de 13 de diciembre (LOPD), por lo que se le facilita la siguiente informaci\u00f3n del tratamiento. Fin del tratamiento: Mantener una relaci\u00f3n comercial y el env\u00edo de comunicaciones sobre nuestros productos y servicios, petici\u00f3n presupuesto, inscripci\u00f3n de cursos, clases, retiros, presentaciones. Criterios de conservaci\u00f3n de los datos: Se conservar\u00e1n mientras exista un inter\u00e9s mutuo para mantener una relaci\u00f3n comercial y el env\u00edo de comunicaciones sobre nuestros productos y servicios. Derechos que asisten al Usuario: Derecho a retirar el consentimiento en cualquier momento. Derecho de acceso, rectificaci\u00f3n y supresi\u00f3n de sus datos y a la limitaci\u00f3n u oposici\u00f3n al su tratamiento. Derecho a presentar una reclamaci\u00f3n ante la Autoridad de control en agpd.es, si considera que el tratamiento no se ajusta a la normativa vigente. Datos de contacto para ejercer sus derechos: Direcci\u00f3n postal: Calle Mercedes Nu\u00f1ez Targa 4, portal 2. 36208 Vigo, Pontevedra. Direcci\u00f3n electr\u00f3nica: hola@cajadeacuarelas.com\n\t\t<\/p>\n\t\t<p style=\"color:#575756;font-size:12px;line-height:1em; margin-top: -17px; margin-bottom: 20px;\">Este sitio est\u00e1 protegido por reCAPTCHA por lo que se aplican la <a href=\"https:\/\/policies.google.com\/privacy\" style=\"color:#575756\">pol\u00edtica de privacidad<\/a> y <a href=\"https:\/\/policies.google.com\/terms\" style=\"color:#575756\">t\u00e9rminos del servicio<\/a> de Google.\n\t\t<\/p>\n\t\t<div class=\"et_pb_module et_pb_divider et_pb_divider_form  et_pb_divider_position_ et_pb_space\">\n\t\t\t<div class=\"et_pb_divider_internal\">\n\t\t\t<\/div>\n\t\t<\/div>\n\t\t<div class=\"et_pb_button_module_wrapper et_pb_button_alignment_center et_pb_module \">\n\t\t\t<p><input class=\"wpcf7-form-control wpcf7-submit has-spinner btn-submit\" type=\"submit\" value=\"Enviar\" \/>\n\t\t\t<\/p>\n\t\t<\/div>\n\t<\/div>\n<\/div><div class=\"wpcf7-response-output\" aria-hidden=\"true\"><\/div>\n<\/form>\n<\/div>\n[\/et_pb_code][et_pb_social_media_follow icon_color=\u00bb#fcd38f\u00bb use_icon_font_size=\u00bbon\u00bb icon_font_size=\u00bb35px\u00bb icon_font_size_tablet=\u00bb\u00bb icon_font_size_phone=\u00bb30px\u00bb icon_font_size_last_edited=\u00bbon|phone\u00bb _builder_version=\u00bb4.2.2&#8243; text_orientation=\u00bbcenter\u00bb][et_pb_social_media_follow_network social_network=\u00bbinstagram\u00bb url=\u00bbhttps:\/\/www.instagram.com\/raquelmindfulyoga\/\u00bb _builder_version=\u00bb4.2.2&#8243; background_enable_color=\u00bboff\u00bb follow_button=\u00bboff\u00bb url_new_window=\u00bbon\u00bb]instagram[\/et_pb_social_media_follow_network][et_pb_social_media_follow_network social_network=\u00bbfacebook\u00bb url=\u00bbhttps:\/\/www.facebook.com\/raquelmindfulyoga\u00bb use_icon_font_size=\u00bbon\u00bb _builder_version=\u00bb4.2.2&#8243; background_enable_color=\u00bboff\u00bb follow_button=\u00bboff\u00bb url_new_window=\u00bbon\u00bb]facebook[\/et_pb_social_media_follow_network][\/et_pb_social_media_follow][\/et_pb_column][\/et_pb_row][\/et_pb_section]<\/p>\n<span class=\"et_bloom_bottom_trigger\"><\/span>","protected":false},"excerpt":{"rendered":"<p>\u00bfEmpezamos aqu\u00ed y ahora?Si te has quedado con alguna duda o no sabes por d\u00f3nde empezar, puedes escribirme a hola@cajadeacuarelas.com\u00a0o dejarme tu mensaje a continuaci\u00f3n. Estar\u00e9 encantada de leerte. Suelo responder antes de 48 horas. \n<div class=\"wpcf7 no-js\" id=\"wpcf7-f303-o2\" lang=\"es-ES\" dir=\"ltr\" data-wpcf7-id=\"303\">\n<div class=\"screen-reader-response\"><p role=\"status\" aria-live=\"polite\" aria-atomic=\"true\"><\/p> <ul><\/ul><\/div>\n<form action=\"\/index.php?rest_route=%2Fwp%2Fv2%2Fpages%2F304#wpcf7-f303-o2\" method=\"post\" class=\"wpcf7-form init\" aria-label=\"Formulario de contacto\" novalidate=\"novalidate\" data-status=\"init\">\n<fieldset class=\"hidden-fields-container\"><input type=\"hidden\" name=\"_wpcf7\" value=\"303\" \/><input type=\"hidden\" name=\"_wpcf7_version\" value=\"6.1.5\" \/><input type=\"hidden\" name=\"_wpcf7_locale\" value=\"es_ES\" \/><input type=\"hidden\" name=\"_wpcf7_unit_tag\" value=\"wpcf7-f303-o2\" \/><input type=\"hidden\" name=\"_wpcf7_container_post\" value=\"0\" \/><input type=\"hidden\" name=\"_wpcf7_posted_data_hash\" value=\"\" \/><input type=\"hidden\" name=\"_wpcf7_recaptcha_response\" value=\"\" \/>\n<\/fieldset>\n<div class=\"et_pb_row\">\n\t<div class=\"et_pb_column et_pb_column_4_4 et-last-child\">\n\t\t<p><label>Nombre<br \/>\n<span class=\"wpcf7-form-control-wrap\" data-name=\"your-name\"><input size=\"40\" maxlength=\"400\" class=\"wpcf7-form-control wpcf7-text wpcf7-validates-as-required\" aria-required=\"true\" aria-invalid=\"false\" value=\"\" type=\"text\" name=\"your-name\" \/><\/span><\/label>\n\t\t<\/p>\n\t<\/div>\n\t<div class=\"et_pb_column et_pb_column_4_4 et-last-child\">\n\t\t<p><label>E-mail<br \/>\n<span class=\"wpcf7-form-control-wrap\" data-name=\"your-email\"><input size=\"40\" maxlength=\"400\" class=\"wpcf7-form-control wpcf7-email wpcf7-validates-as-required wpcf7-text wpcf7-validates-as-email\" aria-required=\"true\" aria-invalid=\"false\" value=\"\" type=\"email\" name=\"your-email\" \/><\/span><\/label>\n\t\t<\/p>\n\t<\/div>\n\t<div class=\"et_pb_column et_pb_column_4_4 et-last-child\">\n\t\t<p><label>Mensaje<br \/>\n<span class=\"wpcf7-form-control-wrap\" data-name=\"your-message\"><textarea cols=\"40\" rows=\"10\" maxlength=\"2000\" class=\"wpcf7-form-control wpcf7-textarea\" aria-invalid=\"false\" name=\"your-message\"><\/textarea><\/span><\/label>\n\t\t<\/p>\n\t<\/div>\n\t<div class=\"et_pb_column et_pb_column_4_4 et-last-child\">\n\t\t<p><span class=\"wpcf7-form-control-wrap\" data-name=\"protecciondatos\"><span class=\"wpcf7-form-control wpcf7-acceptance\"><span class=\"wpcf7-list-item\"><label><input type=\"checkbox\" name=\"protecciondatos\" value=\"1\" aria-invalid=\"false\" \/><span class=\"wpcf7-list-item-label\">He le\u00eddo y acepto la <a href=\"https:\/\/nanucdesign.com\/politica-proteccion-datos\/\" target=\"_blank\">pol\u00edtica de privacidad<\/a><\/span><\/label><\/span><\/span><\/span>\n\t\t<\/p>\n\t\t<p style=\"color:#575756;font-size:12px;line-height:1.3em; margin-top: -17px; margin-bottom: 20px;\">Raquel \u00c1lvarez Flores es la Responsable del tratamiento de los datos personales del Usuario y le informa que estos datos ser\u00e1n tratados de conformidad con lo dispuesto en las normativas vigentes en protecci\u00f3n de datos personales, el Reglamento (UE) 2016\/679 de 27 de abril de 2016 (GDPR) y la Ley Org\u00e1nica (ES) 15\/1999 de 13 de diciembre (LOPD), por lo que se le facilita la siguiente informaci\u00f3n del tratamiento. Fin del tratamiento: Mantener una relaci\u00f3n comercial y el env\u00edo de comunicaciones sobre nuestros productos y servicios, petici\u00f3n presupuesto, inscripci\u00f3n de cursos, clases, retiros, presentaciones. Criterios de conservaci\u00f3n de los datos: Se conservar\u00e1n mientras exista un inter\u00e9s mutuo para mantener una relaci\u00f3n comercial y el env\u00edo de comunicaciones sobre nuestros productos y servicios. Derechos que asisten al Usuario: Derecho a retirar el consentimiento en cualquier momento. Derecho de acceso, rectificaci\u00f3n y supresi\u00f3n de sus datos y a la limitaci\u00f3n u oposici\u00f3n al su tratamiento. Derecho a presentar una reclamaci\u00f3n ante la Autoridad de control en agpd.es, si considera que el tratamiento no se ajusta a la normativa vigente. Datos de contacto para ejercer sus derechos: Direcci\u00f3n postal: Calle Mercedes Nu\u00f1ez Targa 4, portal 2. 36208 Vigo, Pontevedra. Direcci\u00f3n electr\u00f3nica: hola@cajadeacuarelas.com\n\t\t<\/p>\n\t\t<p style=\"color:#575756;font-size:12px;line-height:1em; margin-top: -17px; margin-bottom: 20px;\">Este sitio est\u00e1 protegido por reCAPTCHA por lo que se aplican la <a href=\"https:\/\/policies.google.com\/privacy\" style=\"color:#575756\">pol\u00edtica de privacidad<\/a> y <a href=\"https:\/\/policies.google.com\/terms\" style=\"color:#575756\">t\u00e9rminos del servicio<\/a> de Google.\n\t\t<\/p>\n\t\t<div class=\"et_pb_module et_pb_divider et_pb_divider_form  et_pb_divider_position_ et_pb_space\">\n\t\t\t<div class=\"et_pb_divider_internal\">\n\t\t\t<\/div>\n\t\t<\/div>\n\t\t<div class=\"et_pb_button_module_wrapper et_pb_button_alignment_center et_pb_module \">\n\t\t\t<p><input class=\"wpcf7-form-control wpcf7-submit has-spinner btn-submit\" type=\"submit\" value=\"Enviar\" \/>\n\t\t\t<\/p>\n\t\t<\/div>\n\t<\/div>\n<\/div><div class=\"wpcf7-response-output\" aria-hidden=\"true\"><\/div>\n<\/form>\n<\/div>\n<\/p>\n","protected":false},"author":1,"featured_media":0,"parent":0,"menu_order":0,"comment_status":"closed","ping_status":"closed","template":"","meta":{"_et_pb_use_builder":"on","_et_pb_old_content":"","_et_gb_content_width":"","_joinchat":[],"footnotes":""},"class_list":["post-304","page","type-page","status-publish","hentry"],"yoast_head":"<!-- This site is optimized with the Yoast SEO plugin v27.0 - https:\/\/yoast.com\/product\/yoast-seo-wordpress\/ -->\n<title>\u00bfTienes dudas? Contacta conmigo &#8226; Raquel Flores Mindfulness y Yoga<\/title>\n<meta name=\"description\" content=\"Encuentra aqu\u00ed todos mis datos de contacto y un formulario para escribirme por si tienes cualquier duda sobre mis programas, cursos, clases y experiencias de Yoga\" \/>\n<meta name=\"robots\" content=\"index, follow, max-snippet:-1, max-image-preview:large, max-video-preview:-1\" \/>\n<link rel=\"canonical\" href=\"https:\/\/cajadeacuarelas.com\/?page_id=304\" \/>\n<meta property=\"og:locale\" content=\"es_ES\" \/>\n<meta property=\"og:type\" content=\"article\" \/>\n<meta property=\"og:title\" content=\"\u00bfTienes dudas? Contacta conmigo &#8226; Raquel Flores Mindfulness y Yoga\" \/>\n<meta property=\"og:description\" content=\"Encuentra aqu\u00ed todos mis datos de contacto y un formulario para escribirme por si tienes cualquier duda sobre mis programas, cursos, clases y experiencias de Yoga\" \/>\n<meta property=\"og:url\" content=\"https:\/\/cajadeacuarelas.com\/?page_id=304\" \/>\n<meta property=\"og:site_name\" content=\"Raquel Flores\" \/>\n<meta property=\"article:publisher\" content=\"https:\/\/www.facebook.com\/raquelmindfulyoga\" \/>\n<meta property=\"article:modified_time\" content=\"2020-02-12T14:56:18+00:00\" \/>\n<meta name=\"twitter:card\" content=\"summary_large_image\" \/>\n<meta name=\"twitter:label1\" content=\"Tiempo de lectura\" \/>\n\t<meta name=\"twitter:data1\" content=\"2 minutos\" \/>\n<script type=\"application\/ld+json\" class=\"yoast-schema-graph\">{\"@context\":\"https:\/\/schema.org\",\"@graph\":[{\"@type\":\"WebPage\",\"@id\":\"https:\/\/cajadeacuarelas.com\/?page_id=304\",\"url\":\"https:\/\/cajadeacuarelas.com\/?page_id=304\",\"name\":\"\u00bfTienes dudas? Contacta conmigo &#8226; Raquel Flores Mindfulness y Yoga\",\"isPartOf\":{\"@id\":\"https:\/\/cajadeacuarelas.com\/#website\"},\"datePublished\":\"2020-01-29T07:39:57+00:00\",\"dateModified\":\"2020-02-12T14:56:18+00:00\",\"description\":\"Encuentra aqu\u00ed todos mis datos de contacto y un formulario para escribirme por si tienes cualquier duda sobre mis programas, cursos, clases y experiencias de Yoga\",\"breadcrumb\":{\"@id\":\"https:\/\/cajadeacuarelas.com\/?page_id=304#breadcrumb\"},\"inLanguage\":\"es\",\"potentialAction\":[{\"@type\":\"ReadAction\",\"target\":[\"https:\/\/cajadeacuarelas.com\/?page_id=304\"]}]},{\"@type\":\"BreadcrumbList\",\"@id\":\"https:\/\/cajadeacuarelas.com\/?page_id=304#breadcrumb\",\"itemListElement\":[{\"@type\":\"ListItem\",\"position\":1,\"name\":\"Portada\",\"item\":\"https:\/\/cajadeacuarelas.com\/\"},{\"@type\":\"ListItem\",\"position\":2,\"name\":\"Contacto\"}]},{\"@type\":\"WebSite\",\"@id\":\"https:\/\/cajadeacuarelas.com\/#website\",\"url\":\"https:\/\/cajadeacuarelas.com\/\",\"name\":\"Raquel Flores\",\"description\":\"Mindfulness y Yoga\",\"publisher\":{\"@id\":\"https:\/\/cajadeacuarelas.com\/#organization\"},\"potentialAction\":[{\"@type\":\"SearchAction\",\"target\":{\"@type\":\"EntryPoint\",\"urlTemplate\":\"https:\/\/cajadeacuarelas.com\/?s={search_term_string}\"},\"query-input\":{\"@type\":\"PropertyValueSpecification\",\"valueRequired\":true,\"valueName\":\"search_term_string\"}}],\"inLanguage\":\"es\"},{\"@type\":\"Organization\",\"@id\":\"https:\/\/cajadeacuarelas.com\/#organization\",\"name\":\"Raquel Flores\",\"url\":\"https:\/\/cajadeacuarelas.com\/\",\"logo\":{\"@type\":\"ImageObject\",\"inLanguage\":\"es\",\"@id\":\"https:\/\/cajadeacuarelas.com\/#\/schema\/logo\/image\/\",\"url\":\"https:\/\/cajadeacuarelas.com\/wp-content\/uploads\/2020\/01\/raquelflores-logotipoisotipo.png\",\"contentUrl\":\"https:\/\/cajadeacuarelas.com\/wp-content\/uploads\/2020\/01\/raquelflores-logotipoisotipo.png\",\"width\":270,\"height\":270,\"caption\":\"Raquel Flores\"},\"image\":{\"@id\":\"https:\/\/cajadeacuarelas.com\/#\/schema\/logo\/image\/\"},\"sameAs\":[\"https:\/\/www.facebook.com\/raquelmindfulyoga\",\"https:\/\/www.instagram.com\/raquelmindfulyoga\/\"]}]}<\/script>\n<!-- \/ Yoast SEO plugin. -->","yoast_head_json":{"title":"\u00bfTienes dudas? Contacta conmigo &#8226; Raquel Flores Mindfulness y Yoga","description":"Encuentra aqu\u00ed todos mis datos de contacto y un formulario para escribirme por si tienes cualquier duda sobre mis programas, cursos, clases y experiencias de Yoga","robots":{"index":"index","follow":"follow","max-snippet":"max-snippet:-1","max-image-preview":"max-image-preview:large","max-video-preview":"max-video-preview:-1"},"canonical":"https:\/\/cajadeacuarelas.com\/?page_id=304","og_locale":"es_ES","og_type":"article","og_title":"\u00bfTienes dudas? Contacta conmigo &#8226; Raquel Flores Mindfulness y Yoga","og_description":"Encuentra aqu\u00ed todos mis datos de contacto y un formulario para escribirme por si tienes cualquier duda sobre mis programas, cursos, clases y experiencias de Yoga","og_url":"https:\/\/cajadeacuarelas.com\/?page_id=304","og_site_name":"Raquel Flores","article_publisher":"https:\/\/www.facebook.com\/raquelmindfulyoga","article_modified_time":"2020-02-12T14:56:18+00:00","twitter_card":"summary_large_image","twitter_misc":{"Tiempo de lectura":"2 minutos"},"schema":{"@context":"https:\/\/schema.org","@graph":[{"@type":"WebPage","@id":"https:\/\/cajadeacuarelas.com\/?page_id=304","url":"https:\/\/cajadeacuarelas.com\/?page_id=304","name":"\u00bfTienes dudas? Contacta conmigo &#8226; Raquel Flores Mindfulness y Yoga","isPartOf":{"@id":"https:\/\/cajadeacuarelas.com\/#website"},"datePublished":"2020-01-29T07:39:57+00:00","dateModified":"2020-02-12T14:56:18+00:00","description":"Encuentra aqu\u00ed todos mis datos de contacto y un formulario para escribirme por si tienes cualquier duda sobre mis programas, cursos, clases y experiencias de Yoga","breadcrumb":{"@id":"https:\/\/cajadeacuarelas.com\/?page_id=304#breadcrumb"},"inLanguage":"es","potentialAction":[{"@type":"ReadAction","target":["https:\/\/cajadeacuarelas.com\/?page_id=304"]}]},{"@type":"BreadcrumbList","@id":"https:\/\/cajadeacuarelas.com\/?page_id=304#breadcrumb","itemListElement":[{"@type":"ListItem","position":1,"name":"Portada","item":"https:\/\/cajadeacuarelas.com\/"},{"@type":"ListItem","position":2,"name":"Contacto"}]},{"@type":"WebSite","@id":"https:\/\/cajadeacuarelas.com\/#website","url":"https:\/\/cajadeacuarelas.com\/","name":"Raquel Flores","description":"Mindfulness y Yoga","publisher":{"@id":"https:\/\/cajadeacuarelas.com\/#organization"},"potentialAction":[{"@type":"SearchAction","target":{"@type":"EntryPoint","urlTemplate":"https:\/\/cajadeacuarelas.com\/?s={search_term_string}"},"query-input":{"@type":"PropertyValueSpecification","valueRequired":true,"valueName":"search_term_string"}}],"inLanguage":"es"},{"@type":"Organization","@id":"https:\/\/cajadeacuarelas.com\/#organization","name":"Raquel Flores","url":"https:\/\/cajadeacuarelas.com\/","logo":{"@type":"ImageObject","inLanguage":"es","@id":"https:\/\/cajadeacuarelas.com\/#\/schema\/logo\/image\/","url":"https:\/\/cajadeacuarelas.com\/wp-content\/uploads\/2020\/01\/raquelflores-logotipoisotipo.png","contentUrl":"https:\/\/cajadeacuarelas.com\/wp-content\/uploads\/2020\/01\/raquelflores-logotipoisotipo.png","width":270,"height":270,"caption":"Raquel Flores"},"image":{"@id":"https:\/\/cajadeacuarelas.com\/#\/schema\/logo\/image\/"},"sameAs":["https:\/\/www.facebook.com\/raquelmindfulyoga","https:\/\/www.instagram.com\/raquelmindfulyoga\/"]}]}},"_links":{"self":[{"href":"https:\/\/cajadeacuarelas.com\/index.php?rest_route=\/wp\/v2\/pages\/304","targetHints":{"allow":["GET"]}}],"collection":[{"href":"https:\/\/cajadeacuarelas.com\/index.php?rest_route=\/wp\/v2\/pages"}],"about":[{"href":"https:\/\/cajadeacuarelas.com\/index.php?rest_route=\/wp\/v2\/types\/page"}],"author":[{"embeddable":true,"href":"https:\/\/cajadeacuarelas.com\/index.php?rest_route=\/wp\/v2\/users\/1"}],"replies":[{"embeddable":true,"href":"https:\/\/cajadeacuarelas.com\/index.php?rest_route=%2Fwp%2Fv2%2Fcomments&post=304"}],"version-history":[{"count":10,"href":"https:\/\/cajadeacuarelas.com\/index.php?rest_route=\/wp\/v2\/pages\/304\/revisions"}],"predecessor-version":[{"id":693,"href":"https:\/\/cajadeacuarelas.com\/index.php?rest_route=\/wp\/v2\/pages\/304\/revisions\/693"}],"wp:attachment":[{"href":"https:\/\/cajadeacuarelas.com\/index.php?rest_route=%2Fwp%2Fv2%2Fmedia&parent=304"}],"curies":[{"name":"wp","href":"https:\/\/api.w.org\/{rel}","templated":true}]}}