{"id":257,"date":"2020-01-28T08:23:58","date_gmt":"2020-01-28T08:23:58","guid":{"rendered":"https:\/\/cajadeacuarelas.com\/?page_id=257"},"modified":"2023-10-23T06:45:45","modified_gmt":"2023-10-23T06:45:45","slug":"experiencias","status":"publish","type":"page","link":"https:\/\/cajadeacuarelas.com\/?page_id=257","title":{"rendered":"Experiencias"},"content":{"rendered":"<p>[et_pb_section fb_built=\u00bb1&#8243; custom_padding_last_edited=\u00bbon|tablet\u00bb _builder_version=\u00bb4.16&#8243; custom_padding_tablet=\u00bb0px||||false|false\u00bb custom_padding_phone=\u00bb\u00bb global_colors_info=\u00bb{}\u00bb][et_pb_row _builder_version=\u00bb4.16&#8243; custom_padding=\u00bb10px||10px||true|\u00bb global_colors_info=\u00bb{}\u00bb][et_pb_column type=\u00bb4_4&#8243; _builder_version=\u00bb4.16&#8243; global_colors_info=\u00bb{}\u00bb][et_pb_text _builder_version=\u00bb4.16&#8243; header_text_align=\u00bbcenter\u00bb header_text_color=\u00bb#f5ae94&#8243; global_colors_info=\u00bb{}\u00bb]<\/p>\n<h1>Experiencias<\/h1>\n<p>[\/et_pb_text][\/et_pb_column][\/et_pb_row][et_pb_row _builder_version=\u00bb4.16&#8243; global_colors_info=\u00bb{}\u00bb][et_pb_column type=\u00bb4_4&#8243; _builder_version=\u00bb4.16&#8243; global_colors_info=\u00bb{}\u00bb][et_pb_text _builder_version=\u00bb4.16&#8243; header_2_text_align=\u00bbcenter\u00bb header_2_text_color=\u00bb#f5ae94&#8243; global_colors_info=\u00bb{}\u00bb]<\/p>\n<h2>Yoga almuerzo en el jard\u00edn<\/h2>\n<p>[\/et_pb_text][et_pb_image src=\u00bbhttps:\/\/cajadeacuarelas.com\/wp-content\/uploads\/2020\/01\/raquel-flores-mindfulness-activo-8.jpg\u00bb alt=\u00bbYoga almuerzo en el jard\u00edn\u00bb _builder_version=\u00bb4.16&#8243; global_colors_info=\u00bb{}\u00bb][\/et_pb_image][et_pb_text _builder_version=\u00bb4.16&#8243; text_letter_spacing=\u00bb0.5px\u00bb global_colors_info=\u00bb{}\u00bb]<\/p>\n<p>Sesiones matinales en las que practicaremos yoga seguido de un desayuno rico y saludable. Si el tiempo lo permite, practicaremos al aire libre, en entornos naturales y tranquilos. Estos encuentros ser\u00e1n de dos horas y media ( 75 minutos de pr\u00e1ctica + almuerzo), los s\u00e1bados o domingos y comenzar\u00e1n a partir del mes de abril.<\/p>\n<p>[\/et_pb_text][\/et_pb_column][\/et_pb_row][et_pb_row _builder_version=\u00bb4.16&#8243; global_colors_info=\u00bb{}\u00bb][et_pb_column type=\u00bb4_4&#8243; _builder_version=\u00bb4.16&#8243; global_colors_info=\u00bb{}\u00bb][et_pb_divider divider_weight=\u00bb85px\u00bb _builder_version=\u00bb4.16&#8243; width=\u00bb1px\u00bb module_alignment=\u00bbcenter\u00bb height=\u00bb85px\u00bb global_colors_info=\u00bb{}\u00bb][\/et_pb_divider][et_pb_text _builder_version=\u00bb4.16&#8243; text_font=\u00bb|||on|||||\u00bb text_letter_spacing=\u00bb2px\u00bb text_orientation=\u00bbcenter\u00bb max_width=\u00bb64%\u00bb max_width_tablet=\u00bb90%\u00bb max_width_phone=\u00bb100%\u00bb max_width_last_edited=\u00bbon|phone\u00bb module_alignment=\u00bbcenter\u00bb custom_margin=\u00bb||5px||false|false\u00bb global_colors_info=\u00bb{}\u00bb]<\/p>\n<p>\u00a1Me interesa!<\/p>\n<p>[\/et_pb_text][et_pb_button button_url=\u00bbhttps:\/\/cajadeacuarelas.com\/experiencias\/proximas-fechas\/\u00bb button_text=\u00bbQuiero empezar as\u00ed el d\u00eda\u00bb _builder_version=\u00bb4.16&#8243; custom_button=\u00bbon\u00bb button_text_size=\u00bb17&#8243; global_colors_info=\u00bb{}\u00bb][\/et_pb_button][\/et_pb_column][\/et_pb_row][\/et_pb_section][et_pb_section fb_built=\u00bb1&#8243; custom_padding_last_edited=\u00bbon|tablet\u00bb _builder_version=\u00bb4.16&#8243; custom_padding_tablet=\u00bb0px||||false|false\u00bb custom_padding_phone=\u00bb\u00bb global_colors_info=\u00bb{}\u00bb][et_pb_row _builder_version=\u00bb4.16&#8243; global_colors_info=\u00bb{}\u00bb][et_pb_column type=\u00bb4_4&#8243; _builder_version=\u00bb4.16&#8243; global_colors_info=\u00bb{}\u00bb][et_pb_text _builder_version=\u00bb4.16&#8243; header_2_text_align=\u00bbcenter\u00bb header_2_text_color=\u00bb#f5ae94&#8243; global_colors_info=\u00bb{}\u00bb]<\/p>\n<h2>Mindfulness y Medio Natural. Paseos Conscientes<\/h2>\n<p>[\/et_pb_text][et_pb_image src=\u00bbhttps:\/\/cajadeacuarelas.com\/wp-content\/uploads\/2020\/01\/raquel-flores-mindfulness-activo-9.jpg\u00bb alt=\u00bbSenderismo consciente\u00bb title_text=\u00bbraquel-flores-mindfulness-activo-9&#8243; _builder_version=\u00bb4.16&#8243; global_colors_info=\u00bb{}\u00bb][\/et_pb_image][et_pb_text _builder_version=\u00bb4.16&#8243; text_letter_spacing=\u00bb0.5px\u00bb global_colors_info=\u00bb{}\u00bb]<\/p>\n<p>Caminaremos sin prisas, atentos a nosotros mismos y conscientes de todo lo que nos ofrece el entorno; dejando que nuestros sentidos conecten poco a poco a con la naturaleza y con la sensaci\u00f3n de interdependencia. Haremos ejercicios para potenciar nuestra atenci\u00f3n y nuestros sentidos para estar presentes; tambi\u00e9n habr\u00e1 momentos de silencio, de observaci\u00f3n y de compartir la experiencia de cada persona.<\/p>\n<p>El recorrido estar\u00e1 guiado por un experto senderista. La duraci\u00f3n y horario variar\u00e1n dependiendo del recorrido y tendr\u00e1n lugar en s\u00e1bado o domingo. Pincha en el siguiente link para descubrir los pr\u00f3ximos paseos.<\/p>\n<p>[\/et_pb_text][\/et_pb_column][\/et_pb_row][et_pb_row _builder_version=\u00bb4.16&#8243; global_colors_info=\u00bb{}\u00bb][et_pb_column type=\u00bb4_4&#8243; _builder_version=\u00bb4.16&#8243; global_colors_info=\u00bb{}\u00bb][et_pb_divider divider_weight=\u00bb85px\u00bb _builder_version=\u00bb4.16&#8243; width=\u00bb1px\u00bb module_alignment=\u00bbcenter\u00bb height=\u00bb85px\u00bb global_colors_info=\u00bb{}\u00bb][\/et_pb_divider][et_pb_text _builder_version=\u00bb4.16&#8243; text_font=\u00bb|||on|||||\u00bb text_letter_spacing=\u00bb2px\u00bb text_orientation=\u00bbcenter\u00bb max_width=\u00bb64%\u00bb max_width_tablet=\u00bb90%\u00bb max_width_phone=\u00bb100%\u00bb max_width_last_edited=\u00bbon|phone\u00bb module_alignment=\u00bbcenter\u00bb custom_margin=\u00bb||5px||false|false\u00bb global_colors_info=\u00bb{}\u00bb]<\/p>\n<p>\u00a1Me interesa!<\/p>\n<p>[\/et_pb_text][et_pb_button button_url=\u00bbhttps:\/\/cajadeacuarelas.com\/experiencias\/proximas-fechas\/\u00bb button_text=\u00bbNecesito que la naturaleza me ayude a reconectar.\u00bb _builder_version=\u00bb4.16&#8243; custom_button=\u00bbon\u00bb button_text_size=\u00bb17&#8243; global_colors_info=\u00bb{}\u00bb][\/et_pb_button][\/et_pb_column][\/et_pb_row][\/et_pb_section][et_pb_section fb_built=\u00bb1&#8243; custom_padding_last_edited=\u00bbon|tablet\u00bb _builder_version=\u00bb4.16&#8243; custom_padding_tablet=\u00bb0px||||false|false\u00bb custom_padding_phone=\u00bb\u00bb global_colors_info=\u00bb{}\u00bb][et_pb_row _builder_version=\u00bb4.16&#8243; global_colors_info=\u00bb{}\u00bb][et_pb_column type=\u00bb4_4&#8243; _builder_version=\u00bb4.16&#8243; global_colors_info=\u00bb{}\u00bb][et_pb_text _builder_version=\u00bb4.16&#8243; header_2_text_align=\u00bbcenter\u00bb header_2_text_color=\u00bb#f5ae94&#8243; global_colors_info=\u00bb{}\u00bb]<\/p>\n<h2>Retiro yoga y mindfulness en la naturaleza<\/h2>\n<p>[\/et_pb_text][et_pb_image src=\u00bbhttps:\/\/cajadeacuarelas.com\/wp-content\/uploads\/2020\/01\/raquel-flores-mindfulness-activo-10.jpg\u00bb alt=\u00bbRetiro yoga y mindfulness en la naturaleza\u00bb _builder_version=\u00bb4.16&#8243; global_colors_info=\u00bb{}\u00bb][\/et_pb_image][et_pb_text _builder_version=\u00bb4.16&#8243; text_letter_spacing=\u00bb0.5px\u00bb global_colors_info=\u00bb{}\u00bb]<\/p>\n<p>Encuentros de dos o tres d\u00edas, en los que profundizaremos en alg\u00fan aspecto del cuerpo y mente a trav\u00e9s del yoga, meditaci\u00f3n y silencio. Gracias a la meditaci\u00f3n y el silencio podremos explorar la introspecci\u00f3n y la escucha interna. El yoga nos conectar\u00e1 con el cuerpo y trabajaremos la b\u00fasqueda del equilibrio entre lo interno y lo externo. Estos retiros se celebrar\u00e1n en entornos naturales y cuidados que inviten a la desconexi\u00f3n y trabajo interior.<\/p>\n<p>Se informar\u00e1 de las fechas, horarios, precio y resto de detalles, en cuanto se abra la inscripci\u00f3n.<\/p>\n<p>[\/et_pb_text][\/et_pb_column][\/et_pb_row][et_pb_row _builder_version=\u00bb4.16&#8243; global_colors_info=\u00bb{}\u00bb][et_pb_column type=\u00bb4_4&#8243; _builder_version=\u00bb4.16&#8243; global_colors_info=\u00bb{}\u00bb][et_pb_divider divider_weight=\u00bb85px\u00bb _builder_version=\u00bb4.16&#8243; width=\u00bb1px\u00bb module_alignment=\u00bbcenter\u00bb height=\u00bb85px\u00bb global_colors_info=\u00bb{}\u00bb][\/et_pb_divider][et_pb_text _builder_version=\u00bb4.16&#8243; text_font=\u00bb|||on|||||\u00bb text_letter_spacing=\u00bb2px\u00bb text_orientation=\u00bbcenter\u00bb max_width=\u00bb64%\u00bb max_width_tablet=\u00bb90%\u00bb max_width_phone=\u00bb100%\u00bb max_width_last_edited=\u00bbon|phone\u00bb module_alignment=\u00bbcenter\u00bb custom_margin=\u00bb||5px||false|false\u00bb global_colors_info=\u00bb{}\u00bb]<\/p>\n<p>\u00a1Me interesa!<\/p>\n<p>[\/et_pb_text][et_pb_button button_url=\u00bbhttps:\/\/cajadeacuarelas.com\/contacto\/\u00bb button_text=\u00bbNecesito tiempo para m\u00ed.\u00bb _builder_version=\u00bb4.16&#8243; custom_button=\u00bbon\u00bb button_text_size=\u00bb17&#8243; global_colors_info=\u00bb{}\u00bb][\/et_pb_button][\/et_pb_column][\/et_pb_row][\/et_pb_section][et_pb_section fb_built=\u00bb1&#8243; _builder_version=\u00bb4.16&#8243; custom_padding=\u00bb5px||5px||true|false\u00bb global_colors_info=\u00bb{}\u00bb][et_pb_row _builder_version=\u00bb4.16&#8243; width=\u00bb100%\u00bb max_width=\u00bb100%\u00bb custom_padding=\u00bb0px||0px||true|false\u00bb global_colors_info=\u00bb{}\u00bb][et_pb_column type=\u00bb4_4&#8243; _builder_version=\u00bb4.16&#8243; global_colors_info=\u00bb{}\u00bb][et_pb_divider color=\u00bb#f6e0d6&#8243; divider_weight=\u00bb4px\u00bb _builder_version=\u00bb4.16&#8243; global_colors_info=\u00bb{}\u00bb][\/et_pb_divider][\/et_pb_column][\/et_pb_row][\/et_pb_section][et_pb_section fb_built=\u00bb1&#8243; _builder_version=\u00bb4.16&#8243; global_colors_info=\u00bb{}\u00bb][et_pb_row _builder_version=\u00bb4.16&#8243; global_colors_info=\u00bb{}\u00bb][et_pb_column type=\u00bb4_4&#8243; _builder_version=\u00bb4.16&#8243; global_colors_info=\u00bb{}\u00bb][et_pb_text _builder_version=\u00bb4.16&#8243; text_font=\u00bb|||on|||||\u00bb text_letter_spacing=\u00bb2px\u00bb text_orientation=\u00bbcenter\u00bb max_width_tablet=\u00bb90%\u00bb max_width_phone=\u00bb100%\u00bb max_width_last_edited=\u00bboff|desktop\u00bb module_alignment=\u00bbcenter\u00bb custom_margin=\u00bb||5px||false|false\u00bb global_colors_info=\u00bb{}\u00bb]<\/p>\n<p>\u00a1Puedes enterarte de nuevas experiencias a trav\u00e9s de mi Instagram!<\/p>\n<p>[\/et_pb_text][et_pb_button button_url=\u00bbhttps:\/\/www.instagram.com\/raquelmindfulyoga\/\u00bb url_new_window=\u00bbon\u00bb button_text=\u00bbS\u00edgueme\u00bb _builder_version=\u00bb4.16&#8243; custom_button=\u00bbon\u00bb button_text_size=\u00bb17&#8243; global_colors_info=\u00bb{}\u00bb][\/et_pb_button][\/et_pb_column][\/et_pb_row][et_pb_row _builder_version=\u00bb4.16&#8243; global_colors_info=\u00bb{}\u00bb][et_pb_column type=\u00bb4_4&#8243; _builder_version=\u00bb4.16&#8243; global_colors_info=\u00bb{}\u00bb][et_pb_text _builder_version=\u00bb4.16&#8243; text_font=\u00bbTaviraj||on||||||\u00bb text_text_color=\u00bb#f5ae94&#8243; text_font_size=\u00bb20px\u00bb text_letter_spacing=\u00bb5px\u00bb text_orientation=\u00bbcenter\u00bb link_option_url=\u00bbhttps:\/\/www.instagram.com\/raquelmindfulyoga\/\u00bb link_option_url_new_window=\u00bbon\u00bb global_colors_info=\u00bb{}\u00bb]@raquelmindfulyoga[\/et_pb_text][\/et_pb_column][\/et_pb_row][\/et_pb_section]<\/p>\n<span class=\"et_bloom_bottom_trigger\"><\/span>","protected":false},"excerpt":{"rendered":"<p>ExperienciasYoga almuerzo en el jard\u00ednSesiones matinales en las que practicaremos yoga seguido de un desayuno rico y saludable. Si el tiempo lo permite, practicaremos al aire libre, en entornos naturales y tranquilos. Estos encuentros ser\u00e1n de dos horas y media ( 75 minutos de pr\u00e1ctica + almuerzo), los s\u00e1bados o domingos y comenzar\u00e1n a partir [&hellip;]<\/p>\n","protected":false},"author":1,"featured_media":0,"parent":0,"menu_order":0,"comment_status":"closed","ping_status":"closed","template":"","meta":{"_et_pb_use_builder":"on","_et_pb_old_content":"","_et_gb_content_width":"","_joinchat":[],"footnotes":""},"class_list":["post-257","page","type-page","status-publish","hentry"],"yoast_head":"<!-- This site is optimized with the Yoast SEO plugin v27.0 - https:\/\/yoast.com\/product\/yoast-seo-wordpress\/ -->\n<title>Experiencias de yoga y Mindfulness &#8226; Raquel Flores<\/title>\n<meta name=\"description\" content=\"Descubre mis experiencias, eventos, retiros, almuerzos,.. para conectar con la naturaleza, encontrar tiempo para ti y conseguir reconectar contigo misma.\" \/>\n<meta name=\"robots\" content=\"index, follow, max-snippet:-1, max-image-preview:large, max-video-preview:-1\" \/>\n<link rel=\"canonical\" href=\"https:\/\/cajadeacuarelas.com\/?page_id=257\" \/>\n<meta property=\"og:locale\" content=\"es_ES\" \/>\n<meta property=\"og:type\" content=\"article\" \/>\n<meta property=\"og:title\" content=\"Experiencias de yoga y Mindfulness &#8226; Raquel Flores\" \/>\n<meta property=\"og:description\" content=\"Descubre mis experiencias, eventos, retiros, almuerzos,.. para conectar con la naturaleza, encontrar tiempo para ti y conseguir reconectar contigo misma.\" \/>\n<meta property=\"og:url\" content=\"https:\/\/cajadeacuarelas.com\/?page_id=257\" \/>\n<meta property=\"og:site_name\" content=\"Raquel Flores\" \/>\n<meta property=\"article:publisher\" content=\"https:\/\/www.facebook.com\/raquelmindfulyoga\" \/>\n<meta property=\"article:modified_time\" content=\"2023-10-23T06:45:45+00:00\" \/>\n<meta name=\"twitter:card\" content=\"summary_large_image\" \/>\n<meta name=\"twitter:label1\" content=\"Tiempo de lectura\" \/>\n\t<meta name=\"twitter:data1\" content=\"6 minutos\" \/>\n<script type=\"application\/ld+json\" class=\"yoast-schema-graph\">{\"@context\":\"https:\/\/schema.org\",\"@graph\":[{\"@type\":\"WebPage\",\"@id\":\"https:\/\/cajadeacuarelas.com\/?page_id=257\",\"url\":\"https:\/\/cajadeacuarelas.com\/?page_id=257\",\"name\":\"Experiencias de yoga y Mindfulness &#8226; Raquel Flores\",\"isPartOf\":{\"@id\":\"https:\/\/cajadeacuarelas.com\/#website\"},\"datePublished\":\"2020-01-28T08:23:58+00:00\",\"dateModified\":\"2023-10-23T06:45:45+00:00\",\"description\":\"Descubre mis experiencias, eventos, retiros, almuerzos,.. para conectar con la naturaleza, encontrar tiempo para ti y conseguir reconectar contigo misma.\",\"breadcrumb\":{\"@id\":\"https:\/\/cajadeacuarelas.com\/?page_id=257#breadcrumb\"},\"inLanguage\":\"es\",\"potentialAction\":[{\"@type\":\"ReadAction\",\"target\":[\"https:\/\/cajadeacuarelas.com\/?page_id=257\"]}]},{\"@type\":\"BreadcrumbList\",\"@id\":\"https:\/\/cajadeacuarelas.com\/?page_id=257#breadcrumb\",\"itemListElement\":[{\"@type\":\"ListItem\",\"position\":1,\"name\":\"Portada\",\"item\":\"https:\/\/cajadeacuarelas.com\/\"},{\"@type\":\"ListItem\",\"position\":2,\"name\":\"Experiencias\"}]},{\"@type\":\"WebSite\",\"@id\":\"https:\/\/cajadeacuarelas.com\/#website\",\"url\":\"https:\/\/cajadeacuarelas.com\/\",\"name\":\"Raquel Flores\",\"description\":\"Mindfulness y Yoga\",\"publisher\":{\"@id\":\"https:\/\/cajadeacuarelas.com\/#organization\"},\"potentialAction\":[{\"@type\":\"SearchAction\",\"target\":{\"@type\":\"EntryPoint\",\"urlTemplate\":\"https:\/\/cajadeacuarelas.com\/?s={search_term_string}\"},\"query-input\":{\"@type\":\"PropertyValueSpecification\",\"valueRequired\":true,\"valueName\":\"search_term_string\"}}],\"inLanguage\":\"es\"},{\"@type\":\"Organization\",\"@id\":\"https:\/\/cajadeacuarelas.com\/#organization\",\"name\":\"Raquel Flores\",\"url\":\"https:\/\/cajadeacuarelas.com\/\",\"logo\":{\"@type\":\"ImageObject\",\"inLanguage\":\"es\",\"@id\":\"https:\/\/cajadeacuarelas.com\/#\/schema\/logo\/image\/\",\"url\":\"https:\/\/cajadeacuarelas.com\/wp-content\/uploads\/2020\/01\/raquelflores-logotipoisotipo.png\",\"contentUrl\":\"https:\/\/cajadeacuarelas.com\/wp-content\/uploads\/2020\/01\/raquelflores-logotipoisotipo.png\",\"width\":270,\"height\":270,\"caption\":\"Raquel Flores\"},\"image\":{\"@id\":\"https:\/\/cajadeacuarelas.com\/#\/schema\/logo\/image\/\"},\"sameAs\":[\"https:\/\/www.facebook.com\/raquelmindfulyoga\",\"https:\/\/www.instagram.com\/raquelmindfulyoga\/\"]}]}<\/script>\n<!-- \/ Yoast SEO plugin. -->","yoast_head_json":{"title":"Experiencias de yoga y Mindfulness &#8226; Raquel Flores","description":"Descubre mis experiencias, eventos, retiros, almuerzos,.. para conectar con la naturaleza, encontrar tiempo para ti y conseguir reconectar contigo misma.","robots":{"index":"index","follow":"follow","max-snippet":"max-snippet:-1","max-image-preview":"max-image-preview:large","max-video-preview":"max-video-preview:-1"},"canonical":"https:\/\/cajadeacuarelas.com\/?page_id=257","og_locale":"es_ES","og_type":"article","og_title":"Experiencias de yoga y Mindfulness &#8226; Raquel Flores","og_description":"Descubre mis experiencias, eventos, retiros, almuerzos,.. para conectar con la naturaleza, encontrar tiempo para ti y conseguir reconectar contigo misma.","og_url":"https:\/\/cajadeacuarelas.com\/?page_id=257","og_site_name":"Raquel Flores","article_publisher":"https:\/\/www.facebook.com\/raquelmindfulyoga","article_modified_time":"2023-10-23T06:45:45+00:00","twitter_card":"summary_large_image","twitter_misc":{"Tiempo de lectura":"6 minutos"},"schema":{"@context":"https:\/\/schema.org","@graph":[{"@type":"WebPage","@id":"https:\/\/cajadeacuarelas.com\/?page_id=257","url":"https:\/\/cajadeacuarelas.com\/?page_id=257","name":"Experiencias de yoga y Mindfulness &#8226; Raquel Flores","isPartOf":{"@id":"https:\/\/cajadeacuarelas.com\/#website"},"datePublished":"2020-01-28T08:23:58+00:00","dateModified":"2023-10-23T06:45:45+00:00","description":"Descubre mis experiencias, eventos, retiros, almuerzos,.. para conectar con la naturaleza, encontrar tiempo para ti y conseguir reconectar contigo misma.","breadcrumb":{"@id":"https:\/\/cajadeacuarelas.com\/?page_id=257#breadcrumb"},"inLanguage":"es","potentialAction":[{"@type":"ReadAction","target":["https:\/\/cajadeacuarelas.com\/?page_id=257"]}]},{"@type":"BreadcrumbList","@id":"https:\/\/cajadeacuarelas.com\/?page_id=257#breadcrumb","itemListElement":[{"@type":"ListItem","position":1,"name":"Portada","item":"https:\/\/cajadeacuarelas.com\/"},{"@type":"ListItem","position":2,"name":"Experiencias"}]},{"@type":"WebSite","@id":"https:\/\/cajadeacuarelas.com\/#website","url":"https:\/\/cajadeacuarelas.com\/","name":"Raquel Flores","description":"Mindfulness y Yoga","publisher":{"@id":"https:\/\/cajadeacuarelas.com\/#organization"},"potentialAction":[{"@type":"SearchAction","target":{"@type":"EntryPoint","urlTemplate":"https:\/\/cajadeacuarelas.com\/?s={search_term_string}"},"query-input":{"@type":"PropertyValueSpecification","valueRequired":true,"valueName":"search_term_string"}}],"inLanguage":"es"},{"@type":"Organization","@id":"https:\/\/cajadeacuarelas.com\/#organization","name":"Raquel Flores","url":"https:\/\/cajadeacuarelas.com\/","logo":{"@type":"ImageObject","inLanguage":"es","@id":"https:\/\/cajadeacuarelas.com\/#\/schema\/logo\/image\/","url":"https:\/\/cajadeacuarelas.com\/wp-content\/uploads\/2020\/01\/raquelflores-logotipoisotipo.png","contentUrl":"https:\/\/cajadeacuarelas.com\/wp-content\/uploads\/2020\/01\/raquelflores-logotipoisotipo.png","width":270,"height":270,"caption":"Raquel Flores"},"image":{"@id":"https:\/\/cajadeacuarelas.com\/#\/schema\/logo\/image\/"},"sameAs":["https:\/\/www.facebook.com\/raquelmindfulyoga","https:\/\/www.instagram.com\/raquelmindfulyoga\/"]}]}},"_links":{"self":[{"href":"https:\/\/cajadeacuarelas.com\/index.php?rest_route=\/wp\/v2\/pages\/257","targetHints":{"allow":["GET"]}}],"collection":[{"href":"https:\/\/cajadeacuarelas.com\/index.php?rest_route=\/wp\/v2\/pages"}],"about":[{"href":"https:\/\/cajadeacuarelas.com\/index.php?rest_route=\/wp\/v2\/types\/page"}],"author":[{"embeddable":true,"href":"https:\/\/cajadeacuarelas.com\/index.php?rest_route=\/wp\/v2\/users\/1"}],"replies":[{"embeddable":true,"href":"https:\/\/cajadeacuarelas.com\/index.php?rest_route=%2Fwp%2Fv2%2Fcomments&post=257"}],"version-history":[{"count":15,"href":"https:\/\/cajadeacuarelas.com\/index.php?rest_route=\/wp\/v2\/pages\/257\/revisions"}],"predecessor-version":[{"id":1433,"href":"https:\/\/cajadeacuarelas.com\/index.php?rest_route=\/wp\/v2\/pages\/257\/revisions\/1433"}],"wp:attachment":[{"href":"https:\/\/cajadeacuarelas.com\/index.php?rest_route=%2Fwp%2Fv2%2Fmedia&parent=257"}],"curies":[{"name":"wp","href":"https:\/\/api.w.org\/{rel}","templated":true}]}}